{"id":5545,"date":"2024-09-11T05:01:04","date_gmt":"2024-09-11T05:01:04","guid":{"rendered":"https:\/\/con-truck.rs\/prodavnica\/\u043d\u0435\u043a\u0430\u0442\u0435\u0433\u043e\u0440\u0438\u0437\u043e\u0432\u0430\u043d\u043e\/kit-tarte-ring-honore-fi80-h13-mm-834ml\/"},"modified":"2024-09-14T00:01:03","modified_gmt":"2024-09-14T00:01:03","slug":"kit-tarte-ring-honore-80-mm","status":"publish","type":"product","link":"https:\/\/con-truck.rs\/en\/prodavnica\/alat-i-pribor\/silikonske-modle\/kit-tarte-ring-honore-80-mm\/","title":{"rendered":"Kit tarte ring honore \u00d880 mm"},"content":{"rendered":"<p>Mekana i \u010dvrsta u isto vreme, novi Kit Tarte Ring Honore \u00d8 80 mm od Silikomart Professionala osmi\u0161ljen sa MOF Patissier Jean-Michel Perruchon c\u0301e vas iznenaditi. Komplet se sastoji od dva elementa: 8 prstenova pre\u010dnika 80 mm od termoplasti\u010dnog kompozitnog materijala otpornog na gnje\u010denje pogodnog za pe\u010denje i pravljenje osnove i silikonskog kalupa sastavljenog od 8 \u0161upljina \u00d8 70 h 13 mm za pravljenje pene ili pene. kremu za polaganje preko prhkog testa. Prstenovi su nelepljivi i ner\u0111ajuc\u0301i, omoguc\u0301avaju homogeno pe\u010denje i odlikuje ih visoka termi\u010dka stabilnost.<\/p>\n<p>Veli\u010dina prstena: \u00d880mm h20mm<br \/>\nVeli\u010dina kalupa: \u00d870mm h13mm<br \/>\nZapremina kalupa: 8x34ml<br \/>\nUkupno: 272ml<br \/>\nBroj prstena: 8kom<\/p>\n","protected":false},"excerpt":{"rendered":"<p>Veli\u010dina prstena: \u00d880mm h20mm<br \/>\nVeli\u010dina kalupa: \u00d870mm h13mm<br \/>\nZapremina kalupa: 8x34ml<br \/>\nUkupno: 272ml<br \/>\nBroj prstena: 8kom<\/p>\n","protected":false},"featured_media":4786,"template":"","meta":[],"product_brand":[],"product_cat":[64],"product_tag":[68],"class_list":{"0":"post-5545","1":"product","2":"type-product","3":"status-publish","4":"has-post-thumbnail","6":"product_cat-silikonske-modle","7":"product_tag-silikomart","9":"first","10":"instock","11":"taxable","12":"shipping-taxable","13":"purchasable","14":"product-type-simple"},"yoast_head":"<!-- This site is optimized with the Yoast SEO plugin v27.3 - https:\/\/yoast.com\/product\/yoast-seo-wordpress\/ -->\n<title>Kit tarte ring honore \u00d880 mm - CON-TRUCK LOGISTICS<\/title>\n<meta name=\"robots\" content=\"index, follow, max-snippet:-1, max-image-preview:large, max-video-preview:-1\" \/>\n<link rel=\"canonical\" href=\"https:\/\/con-truck.rs\/en\/prodavnica\/alat-i-pribor\/silikonske-modle\/kit-tarte-ring-honore-80-mm\/\" \/>\n<meta property=\"og:locale\" content=\"en_US\" \/>\n<meta property=\"og:type\" content=\"article\" \/>\n<meta property=\"og:title\" content=\"Kit tarte ring honore \u00d880 mm - CON-TRUCK LOGISTICS\" \/>\n<meta property=\"og:description\" content=\"Veli\u010dina prstena: \u00d880mm h20mm Veli\u010dina kalupa: \u00d870mm h13mm Zapremina kalupa: 8x34ml Ukupno: 272ml Broj prstena: 8kom\" \/>\n<meta property=\"og:url\" content=\"https:\/\/con-truck.rs\/en\/prodavnica\/alat-i-pribor\/silikonske-modle\/kit-tarte-ring-honore-80-mm\/\" \/>\n<meta property=\"og:site_name\" content=\"CON-TRUCK LOGISTICS\" \/>\n<meta property=\"article:modified_time\" content=\"2024-09-14T00:01:03+00:00\" \/>\n<meta property=\"og:image\" content=\"https:\/\/con-truck.rs\/wp-content\/uploads\/2024\/09\/25.294.87.0065-KIT-TARTE-RING-HONORE-d80-MM-NUDO-1.jpg\" \/>\n\t<meta property=\"og:image:width\" content=\"600\" \/>\n\t<meta property=\"og:image:height\" content=\"600\" \/>\n\t<meta property=\"og:image:type\" content=\"image\/jpeg\" \/>\n<meta name=\"twitter:card\" content=\"summary_large_image\" \/>\n<meta name=\"twitter:label1\" content=\"Est. reading time\" \/>\n\t<meta name=\"twitter:data1\" content=\"1 minute\" \/>\n<script type=\"application\/ld+json\" class=\"yoast-schema-graph\">{\"@context\":\"https:\\\/\\\/schema.org\",\"@graph\":[{\"@type\":\"WebPage\",\"@id\":\"https:\\\/\\\/con-truck.rs\\\/en\\\/prodavnica\\\/alat-i-pribor\\\/silikonske-modle\\\/kit-tarte-ring-honore-80-mm\\\/\",\"url\":\"https:\\\/\\\/con-truck.rs\\\/en\\\/prodavnica\\\/alat-i-pribor\\\/silikonske-modle\\\/kit-tarte-ring-honore-80-mm\\\/\",\"name\":\"Kit tarte ring honore \u00d880 mm - CON-TRUCK LOGISTICS\",\"isPartOf\":{\"@id\":\"https:\\\/\\\/con-truck.rs\\\/en\\\/#website\"},\"primaryImageOfPage\":{\"@id\":\"https:\\\/\\\/con-truck.rs\\\/en\\\/prodavnica\\\/alat-i-pribor\\\/silikonske-modle\\\/kit-tarte-ring-honore-80-mm\\\/#primaryimage\"},\"image\":{\"@id\":\"https:\\\/\\\/con-truck.rs\\\/en\\\/prodavnica\\\/alat-i-pribor\\\/silikonske-modle\\\/kit-tarte-ring-honore-80-mm\\\/#primaryimage\"},\"thumbnailUrl\":\"https:\\\/\\\/con-truck.rs\\\/wp-content\\\/uploads\\\/2024\\\/09\\\/25.294.87.0065-KIT-TARTE-RING-HONORE-d80-MM-NUDO-1.jpg\",\"datePublished\":\"2024-09-11T05:01:04+00:00\",\"dateModified\":\"2024-09-14T00:01:03+00:00\",\"breadcrumb\":{\"@id\":\"https:\\\/\\\/con-truck.rs\\\/en\\\/prodavnica\\\/alat-i-pribor\\\/silikonske-modle\\\/kit-tarte-ring-honore-80-mm\\\/#breadcrumb\"},\"inLanguage\":\"en-US\",\"potentialAction\":[{\"@type\":\"ReadAction\",\"target\":[\"https:\\\/\\\/con-truck.rs\\\/en\\\/prodavnica\\\/alat-i-pribor\\\/silikonske-modle\\\/kit-tarte-ring-honore-80-mm\\\/\"]}]},{\"@type\":\"ImageObject\",\"inLanguage\":\"en-US\",\"@id\":\"https:\\\/\\\/con-truck.rs\\\/en\\\/prodavnica\\\/alat-i-pribor\\\/silikonske-modle\\\/kit-tarte-ring-honore-80-mm\\\/#primaryimage\",\"url\":\"https:\\\/\\\/con-truck.rs\\\/wp-content\\\/uploads\\\/2024\\\/09\\\/25.294.87.0065-KIT-TARTE-RING-HONORE-d80-MM-NUDO-1.jpg\",\"contentUrl\":\"https:\\\/\\\/con-truck.rs\\\/wp-content\\\/uploads\\\/2024\\\/09\\\/25.294.87.0065-KIT-TARTE-RING-HONORE-d80-MM-NUDO-1.jpg\",\"width\":600,\"height\":600,\"caption\":\"Kit tarte ring honore \u00d880 mm\"},{\"@type\":\"BreadcrumbList\",\"@id\":\"https:\\\/\\\/con-truck.rs\\\/en\\\/prodavnica\\\/alat-i-pribor\\\/silikonske-modle\\\/kit-tarte-ring-honore-80-mm\\\/#breadcrumb\",\"itemListElement\":[{\"@type\":\"ListItem\",\"position\":1,\"name\":\"Po\u010detna\",\"item\":\"https:\\\/\\\/con-truck.rs\\\/en\\\/\"},{\"@type\":\"ListItem\",\"position\":2,\"name\":\"Shop\",\"item\":\"https:\\\/\\\/con-truck.rs\\\/prodavnica\\\/\"},{\"@type\":\"ListItem\",\"position\":3,\"name\":\"Kit tarte ring honore \u00d880 mm\"}]},{\"@type\":\"WebSite\",\"@id\":\"https:\\\/\\\/con-truck.rs\\\/en\\\/#website\",\"url\":\"https:\\\/\\\/con-truck.rs\\\/en\\\/\",\"name\":\"CON-TRUCK LOGISTICS\",\"description\":\"Imamo sve \u0161to vam treba da va\u0161a kuhinja postane remek-delo!\",\"publisher\":{\"@id\":\"https:\\\/\\\/con-truck.rs\\\/en\\\/#organization\"},\"potentialAction\":[{\"@type\":\"SearchAction\",\"target\":{\"@type\":\"EntryPoint\",\"urlTemplate\":\"https:\\\/\\\/con-truck.rs\\\/en\\\/?s={search_term_string}\"},\"query-input\":{\"@type\":\"PropertyValueSpecification\",\"valueRequired\":true,\"valueName\":\"search_term_string\"}}],\"inLanguage\":\"en-US\"},{\"@type\":\"Organization\",\"@id\":\"https:\\\/\\\/con-truck.rs\\\/en\\\/#organization\",\"name\":\"CON-TRUCK LOGISTICS\",\"url\":\"https:\\\/\\\/con-truck.rs\\\/en\\\/\",\"logo\":{\"@type\":\"ImageObject\",\"inLanguage\":\"en-US\",\"@id\":\"https:\\\/\\\/con-truck.rs\\\/en\\\/#\\\/schema\\\/logo\\\/image\\\/\",\"url\":\"https:\\\/\\\/con-truck.rs\\\/wp-content\\\/uploads\\\/2024\\\/08\\\/logo-manji-CON-za-sajt.png\",\"contentUrl\":\"https:\\\/\\\/con-truck.rs\\\/wp-content\\\/uploads\\\/2024\\\/08\\\/logo-manji-CON-za-sajt.png\",\"width\":150,\"height\":150,\"caption\":\"CON-TRUCK LOGISTICS\"},\"image\":{\"@id\":\"https:\\\/\\\/con-truck.rs\\\/en\\\/#\\\/schema\\\/logo\\\/image\\\/\"}}]}<\/script>\n<!-- \/ Yoast SEO plugin. -->","yoast_head_json":{"title":"Kit tarte ring honore \u00d880 mm - CON-TRUCK LOGISTICS","robots":{"index":"index","follow":"follow","max-snippet":"max-snippet:-1","max-image-preview":"max-image-preview:large","max-video-preview":"max-video-preview:-1"},"canonical":"https:\/\/con-truck.rs\/en\/prodavnica\/alat-i-pribor\/silikonske-modle\/kit-tarte-ring-honore-80-mm\/","og_locale":"en_US","og_type":"article","og_title":"Kit tarte ring honore \u00d880 mm - CON-TRUCK LOGISTICS","og_description":"Veli\u010dina prstena: \u00d880mm h20mm Veli\u010dina kalupa: \u00d870mm h13mm Zapremina kalupa: 8x34ml Ukupno: 272ml Broj prstena: 8kom","og_url":"https:\/\/con-truck.rs\/en\/prodavnica\/alat-i-pribor\/silikonske-modle\/kit-tarte-ring-honore-80-mm\/","og_site_name":"CON-TRUCK LOGISTICS","article_modified_time":"2024-09-14T00:01:03+00:00","og_image":[{"width":600,"height":600,"url":"https:\/\/con-truck.rs\/wp-content\/uploads\/2024\/09\/25.294.87.0065-KIT-TARTE-RING-HONORE-d80-MM-NUDO-1.jpg","type":"image\/jpeg"}],"twitter_card":"summary_large_image","twitter_misc":{"Est. reading time":"1 minute"},"schema":{"@context":"https:\/\/schema.org","@graph":[{"@type":"WebPage","@id":"https:\/\/con-truck.rs\/en\/prodavnica\/alat-i-pribor\/silikonske-modle\/kit-tarte-ring-honore-80-mm\/","url":"https:\/\/con-truck.rs\/en\/prodavnica\/alat-i-pribor\/silikonske-modle\/kit-tarte-ring-honore-80-mm\/","name":"Kit tarte ring honore \u00d880 mm - CON-TRUCK LOGISTICS","isPartOf":{"@id":"https:\/\/con-truck.rs\/en\/#website"},"primaryImageOfPage":{"@id":"https:\/\/con-truck.rs\/en\/prodavnica\/alat-i-pribor\/silikonske-modle\/kit-tarte-ring-honore-80-mm\/#primaryimage"},"image":{"@id":"https:\/\/con-truck.rs\/en\/prodavnica\/alat-i-pribor\/silikonske-modle\/kit-tarte-ring-honore-80-mm\/#primaryimage"},"thumbnailUrl":"https:\/\/con-truck.rs\/wp-content\/uploads\/2024\/09\/25.294.87.0065-KIT-TARTE-RING-HONORE-d80-MM-NUDO-1.jpg","datePublished":"2024-09-11T05:01:04+00:00","dateModified":"2024-09-14T00:01:03+00:00","breadcrumb":{"@id":"https:\/\/con-truck.rs\/en\/prodavnica\/alat-i-pribor\/silikonske-modle\/kit-tarte-ring-honore-80-mm\/#breadcrumb"},"inLanguage":"en-US","potentialAction":[{"@type":"ReadAction","target":["https:\/\/con-truck.rs\/en\/prodavnica\/alat-i-pribor\/silikonske-modle\/kit-tarte-ring-honore-80-mm\/"]}]},{"@type":"ImageObject","inLanguage":"en-US","@id":"https:\/\/con-truck.rs\/en\/prodavnica\/alat-i-pribor\/silikonske-modle\/kit-tarte-ring-honore-80-mm\/#primaryimage","url":"https:\/\/con-truck.rs\/wp-content\/uploads\/2024\/09\/25.294.87.0065-KIT-TARTE-RING-HONORE-d80-MM-NUDO-1.jpg","contentUrl":"https:\/\/con-truck.rs\/wp-content\/uploads\/2024\/09\/25.294.87.0065-KIT-TARTE-RING-HONORE-d80-MM-NUDO-1.jpg","width":600,"height":600,"caption":"Kit tarte ring honore \u00d880 mm"},{"@type":"BreadcrumbList","@id":"https:\/\/con-truck.rs\/en\/prodavnica\/alat-i-pribor\/silikonske-modle\/kit-tarte-ring-honore-80-mm\/#breadcrumb","itemListElement":[{"@type":"ListItem","position":1,"name":"Po\u010detna","item":"https:\/\/con-truck.rs\/en\/"},{"@type":"ListItem","position":2,"name":"Shop","item":"https:\/\/con-truck.rs\/prodavnica\/"},{"@type":"ListItem","position":3,"name":"Kit tarte ring honore \u00d880 mm"}]},{"@type":"WebSite","@id":"https:\/\/con-truck.rs\/en\/#website","url":"https:\/\/con-truck.rs\/en\/","name":"CON-TRUCK LOGISTICS","description":"Imamo sve \u0161to vam treba da va\u0161a kuhinja postane remek-delo!","publisher":{"@id":"https:\/\/con-truck.rs\/en\/#organization"},"potentialAction":[{"@type":"SearchAction","target":{"@type":"EntryPoint","urlTemplate":"https:\/\/con-truck.rs\/en\/?s={search_term_string}"},"query-input":{"@type":"PropertyValueSpecification","valueRequired":true,"valueName":"search_term_string"}}],"inLanguage":"en-US"},{"@type":"Organization","@id":"https:\/\/con-truck.rs\/en\/#organization","name":"CON-TRUCK LOGISTICS","url":"https:\/\/con-truck.rs\/en\/","logo":{"@type":"ImageObject","inLanguage":"en-US","@id":"https:\/\/con-truck.rs\/en\/#\/schema\/logo\/image\/","url":"https:\/\/con-truck.rs\/wp-content\/uploads\/2024\/08\/logo-manji-CON-za-sajt.png","contentUrl":"https:\/\/con-truck.rs\/wp-content\/uploads\/2024\/08\/logo-manji-CON-za-sajt.png","width":150,"height":150,"caption":"CON-TRUCK LOGISTICS"},"image":{"@id":"https:\/\/con-truck.rs\/en\/#\/schema\/logo\/image\/"}}]}},"_links":{"self":[{"href":"https:\/\/con-truck.rs\/en\/wp-json\/wp\/v2\/product\/5545","targetHints":{"allow":["GET"]}}],"collection":[{"href":"https:\/\/con-truck.rs\/en\/wp-json\/wp\/v2\/product"}],"about":[{"href":"https:\/\/con-truck.rs\/en\/wp-json\/wp\/v2\/types\/product"}],"wp:featuredmedia":[{"embeddable":true,"href":"https:\/\/con-truck.rs\/en\/wp-json\/wp\/v2\/media\/4786"}],"wp:attachment":[{"href":"https:\/\/con-truck.rs\/en\/wp-json\/wp\/v2\/media?parent=5545"}],"wp:term":[{"taxonomy":"product_brand","embeddable":true,"href":"https:\/\/con-truck.rs\/en\/wp-json\/wp\/v2\/product_brand?post=5545"},{"taxonomy":"product_cat","embeddable":true,"href":"https:\/\/con-truck.rs\/en\/wp-json\/wp\/v2\/product_cat?post=5545"},{"taxonomy":"product_tag","embeddable":true,"href":"https:\/\/con-truck.rs\/en\/wp-json\/wp\/v2\/product_tag?post=5545"}],"curies":[{"name":"wp","href":"https:\/\/api.w.org\/{rel}","templated":true}]}}