{"id":5416,"date":"2024-09-11T05:00:42","date_gmt":"2024-09-11T05:00:42","guid":{"rendered":"https:\/\/con-truck.rs\/prodavnica\/\u043d\u0435\u043a\u0430\u0442\u0435\u0433\u043e\u0440\u0438\u0437\u043e\u0432\u0430\u043d\u043e\/nylon-cutter-16-regular-moon-od-8x3-5cm-do-13x10-5cm-7-komada\/"},"modified":"2024-09-12T13:02:27","modified_gmt":"2024-09-12T13:02:27","slug":"nylon-cutter-16-regular-moon-7-kom","status":"publish","type":"product","link":"https:\/\/con-truck.rs\/en\/prodavnica\/alat-i-pribor\/oprema-i-mali-aparati\/nylon-cutter-16-regular-moon-7-kom\/","title":{"rendered":"Nylon Cutter 16 Regular Moon &#8211; 7 kom"},"content":{"rendered":"<p>Set se\u010diva za pravljenje keksa i dekoracija od \u0161e\u0107erne ili \u010dokoladne paste. Ovaj set omogu\u0107ava brzu i laku izradu oblika od testa, keksa, kratkog testa ili za ukra\u0161avanje mafina i torti. Set omogu\u0107ava kreiranje lepih dekoracija za popunjavanje va\u0161ih mafina ili torti.<\/p>\n<p>Veli\u010dine se\u010diva uklju\u010duju:<br \/>\n8 x 3.5 cm<br \/>\n9 x 4.5 cm<br \/>\n9.5 x 6 cm<br \/>\n10 x 7 cm<br \/>\n11.5 x 8 cm<br \/>\n12 x 9.5 cm<br \/>\n13 x 10.5 cm<\/p>\n","protected":false},"excerpt":{"rendered":"<p>Veli\u010dine se\u010diva uklju\u010duju:<br \/>\n8 x 3.5 cm<br \/>\n9 x 4.5 cm<br \/>\n9.5 x 6 cm<br \/>\n10 x 7 cm<br \/>\n11.5 x 8 cm<br \/>\n12 x 9.5 cm<br \/>\n13 x 10.5 cm<\/p>\n","protected":false},"featured_media":5767,"template":"","meta":[],"product_brand":[],"product_cat":[67],"product_tag":[68],"class_list":{"0":"post-5416","1":"product","2":"type-product","3":"status-publish","4":"has-post-thumbnail","6":"product_cat-oprema-i-mali-aparati","7":"product_tag-silikomart","9":"first","10":"instock","11":"taxable","12":"shipping-taxable","13":"purchasable","14":"product-type-simple"},"yoast_head":"<!-- This site is optimized with the Yoast SEO plugin v27.3 - https:\/\/yoast.com\/product\/yoast-seo-wordpress\/ -->\n<title>Nylon Cutter 16 Regular Moon - 7 kom - CON-TRUCK LOGISTICS<\/title>\n<meta name=\"robots\" content=\"index, follow, max-snippet:-1, max-image-preview:large, max-video-preview:-1\" \/>\n<link rel=\"canonical\" href=\"https:\/\/con-truck.rs\/en\/prodavnica\/alat-i-pribor\/oprema-i-mali-aparati\/nylon-cutter-16-regular-moon-7-kom\/\" \/>\n<meta property=\"og:locale\" content=\"en_US\" \/>\n<meta property=\"og:type\" content=\"article\" \/>\n<meta property=\"og:title\" content=\"Nylon Cutter 16 Regular Moon - 7 kom - CON-TRUCK LOGISTICS\" \/>\n<meta property=\"og:description\" content=\"Veli\u010dine se\u010diva uklju\u010duju: 8 x 3.5 cm 9 x 4.5 cm 9.5 x 6 cm 10 x 7 cm 11.5 x 8 cm 12 x 9.5 cm 13 x 10.5 cm\" \/>\n<meta property=\"og:url\" content=\"https:\/\/con-truck.rs\/en\/prodavnica\/alat-i-pribor\/oprema-i-mali-aparati\/nylon-cutter-16-regular-moon-7-kom\/\" \/>\n<meta property=\"og:site_name\" content=\"CON-TRUCK LOGISTICS\" \/>\n<meta property=\"article:modified_time\" content=\"2024-09-12T13:02:27+00:00\" \/>\n<meta property=\"og:image\" content=\"https:\/\/con-truck.rs\/wp-content\/uploads\/2024\/09\/72.316.87.0069_1.jpg\" \/>\n\t<meta property=\"og:image:width\" content=\"600\" \/>\n\t<meta property=\"og:image:height\" content=\"600\" \/>\n\t<meta property=\"og:image:type\" content=\"image\/jpeg\" \/>\n<meta name=\"twitter:card\" content=\"summary_large_image\" \/>\n<script type=\"application\/ld+json\" class=\"yoast-schema-graph\">{\"@context\":\"https:\\\/\\\/schema.org\",\"@graph\":[{\"@type\":\"WebPage\",\"@id\":\"https:\\\/\\\/con-truck.rs\\\/en\\\/prodavnica\\\/alat-i-pribor\\\/oprema-i-mali-aparati\\\/nylon-cutter-16-regular-moon-7-kom\\\/\",\"url\":\"https:\\\/\\\/con-truck.rs\\\/en\\\/prodavnica\\\/alat-i-pribor\\\/oprema-i-mali-aparati\\\/nylon-cutter-16-regular-moon-7-kom\\\/\",\"name\":\"Nylon Cutter 16 Regular Moon - 7 kom - CON-TRUCK LOGISTICS\",\"isPartOf\":{\"@id\":\"https:\\\/\\\/con-truck.rs\\\/en\\\/#website\"},\"primaryImageOfPage\":{\"@id\":\"https:\\\/\\\/con-truck.rs\\\/en\\\/prodavnica\\\/alat-i-pribor\\\/oprema-i-mali-aparati\\\/nylon-cutter-16-regular-moon-7-kom\\\/#primaryimage\"},\"image\":{\"@id\":\"https:\\\/\\\/con-truck.rs\\\/en\\\/prodavnica\\\/alat-i-pribor\\\/oprema-i-mali-aparati\\\/nylon-cutter-16-regular-moon-7-kom\\\/#primaryimage\"},\"thumbnailUrl\":\"https:\\\/\\\/con-truck.rs\\\/wp-content\\\/uploads\\\/2024\\\/09\\\/72.316.87.0069_1.jpg\",\"datePublished\":\"2024-09-11T05:00:42+00:00\",\"dateModified\":\"2024-09-12T13:02:27+00:00\",\"breadcrumb\":{\"@id\":\"https:\\\/\\\/con-truck.rs\\\/en\\\/prodavnica\\\/alat-i-pribor\\\/oprema-i-mali-aparati\\\/nylon-cutter-16-regular-moon-7-kom\\\/#breadcrumb\"},\"inLanguage\":\"en-US\",\"potentialAction\":[{\"@type\":\"ReadAction\",\"target\":[\"https:\\\/\\\/con-truck.rs\\\/en\\\/prodavnica\\\/alat-i-pribor\\\/oprema-i-mali-aparati\\\/nylon-cutter-16-regular-moon-7-kom\\\/\"]}]},{\"@type\":\"ImageObject\",\"inLanguage\":\"en-US\",\"@id\":\"https:\\\/\\\/con-truck.rs\\\/en\\\/prodavnica\\\/alat-i-pribor\\\/oprema-i-mali-aparati\\\/nylon-cutter-16-regular-moon-7-kom\\\/#primaryimage\",\"url\":\"https:\\\/\\\/con-truck.rs\\\/wp-content\\\/uploads\\\/2024\\\/09\\\/72.316.87.0069_1.jpg\",\"contentUrl\":\"https:\\\/\\\/con-truck.rs\\\/wp-content\\\/uploads\\\/2024\\\/09\\\/72.316.87.0069_1.jpg\",\"width\":600,\"height\":600,\"caption\":\"NYLON CUTTER 16 REGULAR MOON\"},{\"@type\":\"BreadcrumbList\",\"@id\":\"https:\\\/\\\/con-truck.rs\\\/en\\\/prodavnica\\\/alat-i-pribor\\\/oprema-i-mali-aparati\\\/nylon-cutter-16-regular-moon-7-kom\\\/#breadcrumb\",\"itemListElement\":[{\"@type\":\"ListItem\",\"position\":1,\"name\":\"Po\u010detna\",\"item\":\"https:\\\/\\\/con-truck.rs\\\/en\\\/\"},{\"@type\":\"ListItem\",\"position\":2,\"name\":\"Shop\",\"item\":\"https:\\\/\\\/con-truck.rs\\\/prodavnica\\\/\"},{\"@type\":\"ListItem\",\"position\":3,\"name\":\"Nylon Cutter 16 Regular Moon &#8211; 7 kom\"}]},{\"@type\":\"WebSite\",\"@id\":\"https:\\\/\\\/con-truck.rs\\\/en\\\/#website\",\"url\":\"https:\\\/\\\/con-truck.rs\\\/en\\\/\",\"name\":\"CON-TRUCK LOGISTICS\",\"description\":\"Imamo sve \u0161to vam treba da va\u0161a kuhinja postane remek-delo!\",\"publisher\":{\"@id\":\"https:\\\/\\\/con-truck.rs\\\/en\\\/#organization\"},\"potentialAction\":[{\"@type\":\"SearchAction\",\"target\":{\"@type\":\"EntryPoint\",\"urlTemplate\":\"https:\\\/\\\/con-truck.rs\\\/en\\\/?s={search_term_string}\"},\"query-input\":{\"@type\":\"PropertyValueSpecification\",\"valueRequired\":true,\"valueName\":\"search_term_string\"}}],\"inLanguage\":\"en-US\"},{\"@type\":\"Organization\",\"@id\":\"https:\\\/\\\/con-truck.rs\\\/en\\\/#organization\",\"name\":\"CON-TRUCK LOGISTICS\",\"url\":\"https:\\\/\\\/con-truck.rs\\\/en\\\/\",\"logo\":{\"@type\":\"ImageObject\",\"inLanguage\":\"en-US\",\"@id\":\"https:\\\/\\\/con-truck.rs\\\/en\\\/#\\\/schema\\\/logo\\\/image\\\/\",\"url\":\"https:\\\/\\\/con-truck.rs\\\/wp-content\\\/uploads\\\/2024\\\/08\\\/logo-manji-CON-za-sajt.png\",\"contentUrl\":\"https:\\\/\\\/con-truck.rs\\\/wp-content\\\/uploads\\\/2024\\\/08\\\/logo-manji-CON-za-sajt.png\",\"width\":150,\"height\":150,\"caption\":\"CON-TRUCK LOGISTICS\"},\"image\":{\"@id\":\"https:\\\/\\\/con-truck.rs\\\/en\\\/#\\\/schema\\\/logo\\\/image\\\/\"}}]}<\/script>\n<!-- \/ Yoast SEO plugin. -->","yoast_head_json":{"title":"Nylon Cutter 16 Regular Moon - 7 kom - CON-TRUCK LOGISTICS","robots":{"index":"index","follow":"follow","max-snippet":"max-snippet:-1","max-image-preview":"max-image-preview:large","max-video-preview":"max-video-preview:-1"},"canonical":"https:\/\/con-truck.rs\/en\/prodavnica\/alat-i-pribor\/oprema-i-mali-aparati\/nylon-cutter-16-regular-moon-7-kom\/","og_locale":"en_US","og_type":"article","og_title":"Nylon Cutter 16 Regular Moon - 7 kom - CON-TRUCK LOGISTICS","og_description":"Veli\u010dine se\u010diva uklju\u010duju: 8 x 3.5 cm 9 x 4.5 cm 9.5 x 6 cm 10 x 7 cm 11.5 x 8 cm 12 x 9.5 cm 13 x 10.5 cm","og_url":"https:\/\/con-truck.rs\/en\/prodavnica\/alat-i-pribor\/oprema-i-mali-aparati\/nylon-cutter-16-regular-moon-7-kom\/","og_site_name":"CON-TRUCK LOGISTICS","article_modified_time":"2024-09-12T13:02:27+00:00","og_image":[{"width":600,"height":600,"url":"https:\/\/con-truck.rs\/wp-content\/uploads\/2024\/09\/72.316.87.0069_1.jpg","type":"image\/jpeg"}],"twitter_card":"summary_large_image","schema":{"@context":"https:\/\/schema.org","@graph":[{"@type":"WebPage","@id":"https:\/\/con-truck.rs\/en\/prodavnica\/alat-i-pribor\/oprema-i-mali-aparati\/nylon-cutter-16-regular-moon-7-kom\/","url":"https:\/\/con-truck.rs\/en\/prodavnica\/alat-i-pribor\/oprema-i-mali-aparati\/nylon-cutter-16-regular-moon-7-kom\/","name":"Nylon Cutter 16 Regular Moon - 7 kom - CON-TRUCK LOGISTICS","isPartOf":{"@id":"https:\/\/con-truck.rs\/en\/#website"},"primaryImageOfPage":{"@id":"https:\/\/con-truck.rs\/en\/prodavnica\/alat-i-pribor\/oprema-i-mali-aparati\/nylon-cutter-16-regular-moon-7-kom\/#primaryimage"},"image":{"@id":"https:\/\/con-truck.rs\/en\/prodavnica\/alat-i-pribor\/oprema-i-mali-aparati\/nylon-cutter-16-regular-moon-7-kom\/#primaryimage"},"thumbnailUrl":"https:\/\/con-truck.rs\/wp-content\/uploads\/2024\/09\/72.316.87.0069_1.jpg","datePublished":"2024-09-11T05:00:42+00:00","dateModified":"2024-09-12T13:02:27+00:00","breadcrumb":{"@id":"https:\/\/con-truck.rs\/en\/prodavnica\/alat-i-pribor\/oprema-i-mali-aparati\/nylon-cutter-16-regular-moon-7-kom\/#breadcrumb"},"inLanguage":"en-US","potentialAction":[{"@type":"ReadAction","target":["https:\/\/con-truck.rs\/en\/prodavnica\/alat-i-pribor\/oprema-i-mali-aparati\/nylon-cutter-16-regular-moon-7-kom\/"]}]},{"@type":"ImageObject","inLanguage":"en-US","@id":"https:\/\/con-truck.rs\/en\/prodavnica\/alat-i-pribor\/oprema-i-mali-aparati\/nylon-cutter-16-regular-moon-7-kom\/#primaryimage","url":"https:\/\/con-truck.rs\/wp-content\/uploads\/2024\/09\/72.316.87.0069_1.jpg","contentUrl":"https:\/\/con-truck.rs\/wp-content\/uploads\/2024\/09\/72.316.87.0069_1.jpg","width":600,"height":600,"caption":"NYLON CUTTER 16 REGULAR MOON"},{"@type":"BreadcrumbList","@id":"https:\/\/con-truck.rs\/en\/prodavnica\/alat-i-pribor\/oprema-i-mali-aparati\/nylon-cutter-16-regular-moon-7-kom\/#breadcrumb","itemListElement":[{"@type":"ListItem","position":1,"name":"Po\u010detna","item":"https:\/\/con-truck.rs\/en\/"},{"@type":"ListItem","position":2,"name":"Shop","item":"https:\/\/con-truck.rs\/prodavnica\/"},{"@type":"ListItem","position":3,"name":"Nylon Cutter 16 Regular Moon &#8211; 7 kom"}]},{"@type":"WebSite","@id":"https:\/\/con-truck.rs\/en\/#website","url":"https:\/\/con-truck.rs\/en\/","name":"CON-TRUCK LOGISTICS","description":"Imamo sve \u0161to vam treba da va\u0161a kuhinja postane remek-delo!","publisher":{"@id":"https:\/\/con-truck.rs\/en\/#organization"},"potentialAction":[{"@type":"SearchAction","target":{"@type":"EntryPoint","urlTemplate":"https:\/\/con-truck.rs\/en\/?s={search_term_string}"},"query-input":{"@type":"PropertyValueSpecification","valueRequired":true,"valueName":"search_term_string"}}],"inLanguage":"en-US"},{"@type":"Organization","@id":"https:\/\/con-truck.rs\/en\/#organization","name":"CON-TRUCK LOGISTICS","url":"https:\/\/con-truck.rs\/en\/","logo":{"@type":"ImageObject","inLanguage":"en-US","@id":"https:\/\/con-truck.rs\/en\/#\/schema\/logo\/image\/","url":"https:\/\/con-truck.rs\/wp-content\/uploads\/2024\/08\/logo-manji-CON-za-sajt.png","contentUrl":"https:\/\/con-truck.rs\/wp-content\/uploads\/2024\/08\/logo-manji-CON-za-sajt.png","width":150,"height":150,"caption":"CON-TRUCK LOGISTICS"},"image":{"@id":"https:\/\/con-truck.rs\/en\/#\/schema\/logo\/image\/"}}]}},"_links":{"self":[{"href":"https:\/\/con-truck.rs\/en\/wp-json\/wp\/v2\/product\/5416","targetHints":{"allow":["GET"]}}],"collection":[{"href":"https:\/\/con-truck.rs\/en\/wp-json\/wp\/v2\/product"}],"about":[{"href":"https:\/\/con-truck.rs\/en\/wp-json\/wp\/v2\/types\/product"}],"wp:featuredmedia":[{"embeddable":true,"href":"https:\/\/con-truck.rs\/en\/wp-json\/wp\/v2\/media\/5767"}],"wp:attachment":[{"href":"https:\/\/con-truck.rs\/en\/wp-json\/wp\/v2\/media?parent=5416"}],"wp:term":[{"taxonomy":"product_brand","embeddable":true,"href":"https:\/\/con-truck.rs\/en\/wp-json\/wp\/v2\/product_brand?post=5416"},{"taxonomy":"product_cat","embeddable":true,"href":"https:\/\/con-truck.rs\/en\/wp-json\/wp\/v2\/product_cat?post=5416"},{"taxonomy":"product_tag","embeddable":true,"href":"https:\/\/con-truck.rs\/en\/wp-json\/wp\/v2\/product_tag?post=5416"}],"curies":[{"name":"wp","href":"https:\/\/api.w.org\/{rel}","templated":true}]}}