{"id":5403,"date":"2024-09-11T05:00:40","date_gmt":"2024-09-11T05:00:40","guid":{"rendered":"https:\/\/con-truck.rs\/prodavnica\/\u043d\u0435\u043a\u0430\u0442\u0435\u0433\u043e\u0440\u0438\u0437\u043e\u0432\u0430\u043d\u043e\/fiberglass-2-silic-mat-520x315mm-white\/"},"modified":"2024-09-12T13:07:52","modified_gmt":"2024-09-12T13:07:52","slug":"fiberglass-2-520x315-mm","status":"publish","type":"product","link":"https:\/\/con-truck.rs\/en\/prodavnica\/alat-i-pribor\/oprema-i-mali-aparati\/fiberglass-2-520x315-mm\/","title":{"rendered":"Fiberglass 2 \u2013 520&#215;315 mm"},"content":{"rendered":"<p>Silikonska podloga za pe\u010denje sa premazom od staklenih vlakana, idealna za ravnomerno pe\u010denje i lak\u0161e uklanjanje pe\u010denih proizvoda.<\/p>\n<p>Dimenzije: 520&#215;315 mm<\/p>\n","protected":false},"excerpt":{"rendered":"<p>Dimenzije: 520&#215;315 mm<\/p>\n","protected":false},"featured_media":5252,"template":"","meta":[],"product_brand":[],"product_cat":[67],"product_tag":[68],"class_list":{"0":"post-5403","1":"product","2":"type-product","3":"status-publish","4":"has-post-thumbnail","6":"product_cat-oprema-i-mali-aparati","7":"product_tag-silikomart","9":"first","10":"instock","11":"taxable","12":"shipping-taxable","13":"purchasable","14":"product-type-simple"},"yoast_head":"<!-- This site is optimized with the Yoast SEO plugin v27.3 - https:\/\/yoast.com\/product\/yoast-seo-wordpress\/ -->\n<title>Fiberglass 2 \u2013 520x315 mm - CON-TRUCK LOGISTICS<\/title>\n<meta name=\"robots\" content=\"index, follow, max-snippet:-1, max-image-preview:large, max-video-preview:-1\" \/>\n<link rel=\"canonical\" href=\"https:\/\/con-truck.rs\/en\/prodavnica\/alat-i-pribor\/oprema-i-mali-aparati\/fiberglass-2-520x315-mm\/\" \/>\n<meta property=\"og:locale\" content=\"en_US\" \/>\n<meta property=\"og:type\" content=\"article\" \/>\n<meta property=\"og:title\" content=\"Fiberglass 2 \u2013 520x315 mm - CON-TRUCK LOGISTICS\" \/>\n<meta property=\"og:description\" content=\"Dimenzije: 520x315 mm\" \/>\n<meta property=\"og:url\" content=\"https:\/\/con-truck.rs\/en\/prodavnica\/alat-i-pribor\/oprema-i-mali-aparati\/fiberglass-2-520x315-mm\/\" \/>\n<meta property=\"og:site_name\" content=\"CON-TRUCK LOGISTICS\" \/>\n<meta property=\"article:modified_time\" content=\"2024-09-12T13:07:52+00:00\" \/>\n<meta property=\"og:image\" content=\"https:\/\/con-truck.rs\/wp-content\/uploads\/2024\/09\/40.623.00.0000-FIBERGLASS-2-NUDO-2.jpg\" \/>\n\t<meta property=\"og:image:width\" content=\"600\" \/>\n\t<meta property=\"og:image:height\" content=\"600\" \/>\n\t<meta property=\"og:image:type\" content=\"image\/jpeg\" \/>\n<meta name=\"twitter:card\" content=\"summary_large_image\" \/>\n<script type=\"application\/ld+json\" class=\"yoast-schema-graph\">{\"@context\":\"https:\\\/\\\/schema.org\",\"@graph\":[{\"@type\":\"WebPage\",\"@id\":\"https:\\\/\\\/con-truck.rs\\\/en\\\/prodavnica\\\/alat-i-pribor\\\/oprema-i-mali-aparati\\\/fiberglass-2-520x315-mm\\\/\",\"url\":\"https:\\\/\\\/con-truck.rs\\\/en\\\/prodavnica\\\/alat-i-pribor\\\/oprema-i-mali-aparati\\\/fiberglass-2-520x315-mm\\\/\",\"name\":\"Fiberglass 2 \u2013 520x315 mm - CON-TRUCK LOGISTICS\",\"isPartOf\":{\"@id\":\"https:\\\/\\\/con-truck.rs\\\/en\\\/#website\"},\"primaryImageOfPage\":{\"@id\":\"https:\\\/\\\/con-truck.rs\\\/en\\\/prodavnica\\\/alat-i-pribor\\\/oprema-i-mali-aparati\\\/fiberglass-2-520x315-mm\\\/#primaryimage\"},\"image\":{\"@id\":\"https:\\\/\\\/con-truck.rs\\\/en\\\/prodavnica\\\/alat-i-pribor\\\/oprema-i-mali-aparati\\\/fiberglass-2-520x315-mm\\\/#primaryimage\"},\"thumbnailUrl\":\"https:\\\/\\\/con-truck.rs\\\/wp-content\\\/uploads\\\/2024\\\/09\\\/40.623.00.0000-FIBERGLASS-2-NUDO-2.jpg\",\"datePublished\":\"2024-09-11T05:00:40+00:00\",\"dateModified\":\"2024-09-12T13:07:52+00:00\",\"breadcrumb\":{\"@id\":\"https:\\\/\\\/con-truck.rs\\\/en\\\/prodavnica\\\/alat-i-pribor\\\/oprema-i-mali-aparati\\\/fiberglass-2-520x315-mm\\\/#breadcrumb\"},\"inLanguage\":\"en-US\",\"potentialAction\":[{\"@type\":\"ReadAction\",\"target\":[\"https:\\\/\\\/con-truck.rs\\\/en\\\/prodavnica\\\/alat-i-pribor\\\/oprema-i-mali-aparati\\\/fiberglass-2-520x315-mm\\\/\"]}]},{\"@type\":\"ImageObject\",\"inLanguage\":\"en-US\",\"@id\":\"https:\\\/\\\/con-truck.rs\\\/en\\\/prodavnica\\\/alat-i-pribor\\\/oprema-i-mali-aparati\\\/fiberglass-2-520x315-mm\\\/#primaryimage\",\"url\":\"https:\\\/\\\/con-truck.rs\\\/wp-content\\\/uploads\\\/2024\\\/09\\\/40.623.00.0000-FIBERGLASS-2-NUDO-2.jpg\",\"contentUrl\":\"https:\\\/\\\/con-truck.rs\\\/wp-content\\\/uploads\\\/2024\\\/09\\\/40.623.00.0000-FIBERGLASS-2-NUDO-2.jpg\",\"width\":600,\"height\":600,\"caption\":\"Fiberglass 2 \u2013 520x315 mm\"},{\"@type\":\"BreadcrumbList\",\"@id\":\"https:\\\/\\\/con-truck.rs\\\/en\\\/prodavnica\\\/alat-i-pribor\\\/oprema-i-mali-aparati\\\/fiberglass-2-520x315-mm\\\/#breadcrumb\",\"itemListElement\":[{\"@type\":\"ListItem\",\"position\":1,\"name\":\"Po\u010detna\",\"item\":\"https:\\\/\\\/con-truck.rs\\\/en\\\/\"},{\"@type\":\"ListItem\",\"position\":2,\"name\":\"Shop\",\"item\":\"https:\\\/\\\/con-truck.rs\\\/prodavnica\\\/\"},{\"@type\":\"ListItem\",\"position\":3,\"name\":\"Fiberglass 2 \u2013 520&#215;315 mm\"}]},{\"@type\":\"WebSite\",\"@id\":\"https:\\\/\\\/con-truck.rs\\\/en\\\/#website\",\"url\":\"https:\\\/\\\/con-truck.rs\\\/en\\\/\",\"name\":\"CON-TRUCK LOGISTICS\",\"description\":\"Imamo sve \u0161to vam treba da va\u0161a kuhinja postane remek-delo!\",\"publisher\":{\"@id\":\"https:\\\/\\\/con-truck.rs\\\/en\\\/#organization\"},\"potentialAction\":[{\"@type\":\"SearchAction\",\"target\":{\"@type\":\"EntryPoint\",\"urlTemplate\":\"https:\\\/\\\/con-truck.rs\\\/en\\\/?s={search_term_string}\"},\"query-input\":{\"@type\":\"PropertyValueSpecification\",\"valueRequired\":true,\"valueName\":\"search_term_string\"}}],\"inLanguage\":\"en-US\"},{\"@type\":\"Organization\",\"@id\":\"https:\\\/\\\/con-truck.rs\\\/en\\\/#organization\",\"name\":\"CON-TRUCK LOGISTICS\",\"url\":\"https:\\\/\\\/con-truck.rs\\\/en\\\/\",\"logo\":{\"@type\":\"ImageObject\",\"inLanguage\":\"en-US\",\"@id\":\"https:\\\/\\\/con-truck.rs\\\/en\\\/#\\\/schema\\\/logo\\\/image\\\/\",\"url\":\"https:\\\/\\\/con-truck.rs\\\/wp-content\\\/uploads\\\/2024\\\/08\\\/logo-manji-CON-za-sajt.png\",\"contentUrl\":\"https:\\\/\\\/con-truck.rs\\\/wp-content\\\/uploads\\\/2024\\\/08\\\/logo-manji-CON-za-sajt.png\",\"width\":150,\"height\":150,\"caption\":\"CON-TRUCK LOGISTICS\"},\"image\":{\"@id\":\"https:\\\/\\\/con-truck.rs\\\/en\\\/#\\\/schema\\\/logo\\\/image\\\/\"}}]}<\/script>\n<!-- \/ Yoast SEO plugin. -->","yoast_head_json":{"title":"Fiberglass 2 \u2013 520x315 mm - CON-TRUCK LOGISTICS","robots":{"index":"index","follow":"follow","max-snippet":"max-snippet:-1","max-image-preview":"max-image-preview:large","max-video-preview":"max-video-preview:-1"},"canonical":"https:\/\/con-truck.rs\/en\/prodavnica\/alat-i-pribor\/oprema-i-mali-aparati\/fiberglass-2-520x315-mm\/","og_locale":"en_US","og_type":"article","og_title":"Fiberglass 2 \u2013 520x315 mm - CON-TRUCK LOGISTICS","og_description":"Dimenzije: 520x315 mm","og_url":"https:\/\/con-truck.rs\/en\/prodavnica\/alat-i-pribor\/oprema-i-mali-aparati\/fiberglass-2-520x315-mm\/","og_site_name":"CON-TRUCK LOGISTICS","article_modified_time":"2024-09-12T13:07:52+00:00","og_image":[{"width":600,"height":600,"url":"https:\/\/con-truck.rs\/wp-content\/uploads\/2024\/09\/40.623.00.0000-FIBERGLASS-2-NUDO-2.jpg","type":"image\/jpeg"}],"twitter_card":"summary_large_image","schema":{"@context":"https:\/\/schema.org","@graph":[{"@type":"WebPage","@id":"https:\/\/con-truck.rs\/en\/prodavnica\/alat-i-pribor\/oprema-i-mali-aparati\/fiberglass-2-520x315-mm\/","url":"https:\/\/con-truck.rs\/en\/prodavnica\/alat-i-pribor\/oprema-i-mali-aparati\/fiberglass-2-520x315-mm\/","name":"Fiberglass 2 \u2013 520x315 mm - CON-TRUCK LOGISTICS","isPartOf":{"@id":"https:\/\/con-truck.rs\/en\/#website"},"primaryImageOfPage":{"@id":"https:\/\/con-truck.rs\/en\/prodavnica\/alat-i-pribor\/oprema-i-mali-aparati\/fiberglass-2-520x315-mm\/#primaryimage"},"image":{"@id":"https:\/\/con-truck.rs\/en\/prodavnica\/alat-i-pribor\/oprema-i-mali-aparati\/fiberglass-2-520x315-mm\/#primaryimage"},"thumbnailUrl":"https:\/\/con-truck.rs\/wp-content\/uploads\/2024\/09\/40.623.00.0000-FIBERGLASS-2-NUDO-2.jpg","datePublished":"2024-09-11T05:00:40+00:00","dateModified":"2024-09-12T13:07:52+00:00","breadcrumb":{"@id":"https:\/\/con-truck.rs\/en\/prodavnica\/alat-i-pribor\/oprema-i-mali-aparati\/fiberglass-2-520x315-mm\/#breadcrumb"},"inLanguage":"en-US","potentialAction":[{"@type":"ReadAction","target":["https:\/\/con-truck.rs\/en\/prodavnica\/alat-i-pribor\/oprema-i-mali-aparati\/fiberglass-2-520x315-mm\/"]}]},{"@type":"ImageObject","inLanguage":"en-US","@id":"https:\/\/con-truck.rs\/en\/prodavnica\/alat-i-pribor\/oprema-i-mali-aparati\/fiberglass-2-520x315-mm\/#primaryimage","url":"https:\/\/con-truck.rs\/wp-content\/uploads\/2024\/09\/40.623.00.0000-FIBERGLASS-2-NUDO-2.jpg","contentUrl":"https:\/\/con-truck.rs\/wp-content\/uploads\/2024\/09\/40.623.00.0000-FIBERGLASS-2-NUDO-2.jpg","width":600,"height":600,"caption":"Fiberglass 2 \u2013 520x315 mm"},{"@type":"BreadcrumbList","@id":"https:\/\/con-truck.rs\/en\/prodavnica\/alat-i-pribor\/oprema-i-mali-aparati\/fiberglass-2-520x315-mm\/#breadcrumb","itemListElement":[{"@type":"ListItem","position":1,"name":"Po\u010detna","item":"https:\/\/con-truck.rs\/en\/"},{"@type":"ListItem","position":2,"name":"Shop","item":"https:\/\/con-truck.rs\/prodavnica\/"},{"@type":"ListItem","position":3,"name":"Fiberglass 2 \u2013 520&#215;315 mm"}]},{"@type":"WebSite","@id":"https:\/\/con-truck.rs\/en\/#website","url":"https:\/\/con-truck.rs\/en\/","name":"CON-TRUCK LOGISTICS","description":"Imamo sve \u0161to vam treba da va\u0161a kuhinja postane remek-delo!","publisher":{"@id":"https:\/\/con-truck.rs\/en\/#organization"},"potentialAction":[{"@type":"SearchAction","target":{"@type":"EntryPoint","urlTemplate":"https:\/\/con-truck.rs\/en\/?s={search_term_string}"},"query-input":{"@type":"PropertyValueSpecification","valueRequired":true,"valueName":"search_term_string"}}],"inLanguage":"en-US"},{"@type":"Organization","@id":"https:\/\/con-truck.rs\/en\/#organization","name":"CON-TRUCK LOGISTICS","url":"https:\/\/con-truck.rs\/en\/","logo":{"@type":"ImageObject","inLanguage":"en-US","@id":"https:\/\/con-truck.rs\/en\/#\/schema\/logo\/image\/","url":"https:\/\/con-truck.rs\/wp-content\/uploads\/2024\/08\/logo-manji-CON-za-sajt.png","contentUrl":"https:\/\/con-truck.rs\/wp-content\/uploads\/2024\/08\/logo-manji-CON-za-sajt.png","width":150,"height":150,"caption":"CON-TRUCK LOGISTICS"},"image":{"@id":"https:\/\/con-truck.rs\/en\/#\/schema\/logo\/image\/"}}]}},"_links":{"self":[{"href":"https:\/\/con-truck.rs\/en\/wp-json\/wp\/v2\/product\/5403","targetHints":{"allow":["GET"]}}],"collection":[{"href":"https:\/\/con-truck.rs\/en\/wp-json\/wp\/v2\/product"}],"about":[{"href":"https:\/\/con-truck.rs\/en\/wp-json\/wp\/v2\/types\/product"}],"wp:featuredmedia":[{"embeddable":true,"href":"https:\/\/con-truck.rs\/en\/wp-json\/wp\/v2\/media\/5252"}],"wp:attachment":[{"href":"https:\/\/con-truck.rs\/en\/wp-json\/wp\/v2\/media?parent=5403"}],"wp:term":[{"taxonomy":"product_brand","embeddable":true,"href":"https:\/\/con-truck.rs\/en\/wp-json\/wp\/v2\/product_brand?post=5403"},{"taxonomy":"product_cat","embeddable":true,"href":"https:\/\/con-truck.rs\/en\/wp-json\/wp\/v2\/product_cat?post=5403"},{"taxonomy":"product_tag","embeddable":true,"href":"https:\/\/con-truck.rs\/en\/wp-json\/wp\/v2\/product_tag?post=5403"}],"curies":[{"name":"wp","href":"https:\/\/api.w.org\/{rel}","templated":true}]}}