{"id":5355,"date":"2024-09-11T05:00:33","date_gmt":"2024-09-11T05:00:33","guid":{"rendered":"https:\/\/con-truck.rs\/prodavnica\/\u043d\u0435\u043a\u0430\u0442\u0435\u0433\u043e\u0440\u0438\u0437\u043e\u0432\u0430\u043d\u043e\/ti-voglio-bene-sil-mod-tvb-7kom-sf200-15kom-270ml\/"},"modified":"2024-09-14T04:50:02","modified_gmt":"2024-09-14T02:50:02","slug":"ti-voglio-bene-270","status":"publish","type":"product","link":"https:\/\/con-truck.rs\/en\/prodavnica\/alat-i-pribor\/silikonske-modle\/ti-voglio-bene-270\/","title":{"rendered":"Ti voglio bene 270"},"content":{"rendered":"<p>Za sve romanti\u010dne du\u0161e, set TI VOGLIO BENE 270 od Silikomart Professional sastoji se od 7 kalupa u obliku jastu\u010di\u0107a i jednog kalupa za 15 mini kreacija u obliku srca. Ovaj set je savr\u0161eno re\u0161enje za pravljenje originalnih deserata sa ukupnom zapreminom od 270 ml. Mini porcije se savr\u0161eno postavljaju na jastu\u010di\u0107 baze, omogu\u0107avaju\u0107i kreacije koje \u0107e dodati jedinstven dodir va\u0161em izlo\u017ebenom prostoru.<\/p>\n<p>Veli\u010dina baze: 100 x 100 mm h30 mm<br \/>\nVeli\u010dina vrha: 45 x 44 mm h24 mm<br \/>\nUkupna zapremina: 270 ml<\/p>\n","protected":false},"excerpt":{"rendered":"<p>Veli\u010dina baze: 100 x 100 mm h30 mm<br \/>\nVeli\u010dina vrha: 45 x 44 mm h24 mm<br \/>\nUkupna zapremina: 270 ml<\/p>\n","protected":false},"featured_media":4828,"template":"","meta":[],"product_brand":[],"product_cat":[64],"product_tag":[68],"class_list":{"0":"post-5355","1":"product","2":"type-product","3":"status-publish","4":"has-post-thumbnail","6":"product_cat-silikonske-modle","7":"product_tag-silikomart","9":"first","10":"instock","11":"taxable","12":"shipping-taxable","13":"purchasable","14":"product-type-simple"},"yoast_head":"<!-- This site is optimized with the Yoast SEO plugin v27.3 - https:\/\/yoast.com\/product\/yoast-seo-wordpress\/ -->\n<title>Ti voglio bene 270 - CON-TRUCK LOGISTICS<\/title>\n<meta name=\"robots\" content=\"index, follow, max-snippet:-1, max-image-preview:large, max-video-preview:-1\" \/>\n<link rel=\"canonical\" href=\"https:\/\/con-truck.rs\/en\/prodavnica\/alat-i-pribor\/silikonske-modle\/ti-voglio-bene-270\/\" \/>\n<meta property=\"og:locale\" content=\"en_US\" \/>\n<meta property=\"og:type\" content=\"article\" \/>\n<meta property=\"og:title\" content=\"Ti voglio bene 270 - CON-TRUCK LOGISTICS\" \/>\n<meta property=\"og:description\" content=\"Veli\u010dina baze: 100 x 100 mm h30 mm Veli\u010dina vrha: 45 x 44 mm h24 mm Ukupna zapremina: 270 ml\" \/>\n<meta property=\"og:url\" content=\"https:\/\/con-truck.rs\/en\/prodavnica\/alat-i-pribor\/silikonske-modle\/ti-voglio-bene-270\/\" \/>\n<meta property=\"og:site_name\" content=\"CON-TRUCK LOGISTICS\" \/>\n<meta property=\"article:modified_time\" content=\"2024-09-14T02:50:02+00:00\" \/>\n<meta property=\"og:image\" content=\"https:\/\/con-truck.rs\/wp-content\/uploads\/2024\/09\/25.987.87.0065-TI-VOGLIO-BENE-270-NUDO-1.jpg\" \/>\n\t<meta property=\"og:image:width\" content=\"600\" \/>\n\t<meta property=\"og:image:height\" content=\"600\" \/>\n\t<meta property=\"og:image:type\" content=\"image\/jpeg\" \/>\n<meta name=\"twitter:card\" content=\"summary_large_image\" \/>\n<script type=\"application\/ld+json\" class=\"yoast-schema-graph\">{\"@context\":\"https:\\\/\\\/schema.org\",\"@graph\":[{\"@type\":\"WebPage\",\"@id\":\"https:\\\/\\\/con-truck.rs\\\/en\\\/prodavnica\\\/alat-i-pribor\\\/silikonske-modle\\\/ti-voglio-bene-270\\\/\",\"url\":\"https:\\\/\\\/con-truck.rs\\\/en\\\/prodavnica\\\/alat-i-pribor\\\/silikonske-modle\\\/ti-voglio-bene-270\\\/\",\"name\":\"Ti voglio bene 270 - CON-TRUCK LOGISTICS\",\"isPartOf\":{\"@id\":\"https:\\\/\\\/con-truck.rs\\\/en\\\/#website\"},\"primaryImageOfPage\":{\"@id\":\"https:\\\/\\\/con-truck.rs\\\/en\\\/prodavnica\\\/alat-i-pribor\\\/silikonske-modle\\\/ti-voglio-bene-270\\\/#primaryimage\"},\"image\":{\"@id\":\"https:\\\/\\\/con-truck.rs\\\/en\\\/prodavnica\\\/alat-i-pribor\\\/silikonske-modle\\\/ti-voglio-bene-270\\\/#primaryimage\"},\"thumbnailUrl\":\"https:\\\/\\\/con-truck.rs\\\/wp-content\\\/uploads\\\/2024\\\/09\\\/25.987.87.0065-TI-VOGLIO-BENE-270-NUDO-1.jpg\",\"datePublished\":\"2024-09-11T05:00:33+00:00\",\"dateModified\":\"2024-09-14T02:50:02+00:00\",\"breadcrumb\":{\"@id\":\"https:\\\/\\\/con-truck.rs\\\/en\\\/prodavnica\\\/alat-i-pribor\\\/silikonske-modle\\\/ti-voglio-bene-270\\\/#breadcrumb\"},\"inLanguage\":\"en-US\",\"potentialAction\":[{\"@type\":\"ReadAction\",\"target\":[\"https:\\\/\\\/con-truck.rs\\\/en\\\/prodavnica\\\/alat-i-pribor\\\/silikonske-modle\\\/ti-voglio-bene-270\\\/\"]}]},{\"@type\":\"ImageObject\",\"inLanguage\":\"en-US\",\"@id\":\"https:\\\/\\\/con-truck.rs\\\/en\\\/prodavnica\\\/alat-i-pribor\\\/silikonske-modle\\\/ti-voglio-bene-270\\\/#primaryimage\",\"url\":\"https:\\\/\\\/con-truck.rs\\\/wp-content\\\/uploads\\\/2024\\\/09\\\/25.987.87.0065-TI-VOGLIO-BENE-270-NUDO-1.jpg\",\"contentUrl\":\"https:\\\/\\\/con-truck.rs\\\/wp-content\\\/uploads\\\/2024\\\/09\\\/25.987.87.0065-TI-VOGLIO-BENE-270-NUDO-1.jpg\",\"width\":600,\"height\":600,\"caption\":\"Ti voglio bene 270\"},{\"@type\":\"BreadcrumbList\",\"@id\":\"https:\\\/\\\/con-truck.rs\\\/en\\\/prodavnica\\\/alat-i-pribor\\\/silikonske-modle\\\/ti-voglio-bene-270\\\/#breadcrumb\",\"itemListElement\":[{\"@type\":\"ListItem\",\"position\":1,\"name\":\"Po\u010detna\",\"item\":\"https:\\\/\\\/con-truck.rs\\\/en\\\/\"},{\"@type\":\"ListItem\",\"position\":2,\"name\":\"Shop\",\"item\":\"https:\\\/\\\/con-truck.rs\\\/prodavnica\\\/\"},{\"@type\":\"ListItem\",\"position\":3,\"name\":\"Ti voglio bene 270\"}]},{\"@type\":\"WebSite\",\"@id\":\"https:\\\/\\\/con-truck.rs\\\/en\\\/#website\",\"url\":\"https:\\\/\\\/con-truck.rs\\\/en\\\/\",\"name\":\"CON-TRUCK LOGISTICS\",\"description\":\"Imamo sve \u0161to vam treba da va\u0161a kuhinja postane remek-delo!\",\"publisher\":{\"@id\":\"https:\\\/\\\/con-truck.rs\\\/en\\\/#organization\"},\"potentialAction\":[{\"@type\":\"SearchAction\",\"target\":{\"@type\":\"EntryPoint\",\"urlTemplate\":\"https:\\\/\\\/con-truck.rs\\\/en\\\/?s={search_term_string}\"},\"query-input\":{\"@type\":\"PropertyValueSpecification\",\"valueRequired\":true,\"valueName\":\"search_term_string\"}}],\"inLanguage\":\"en-US\"},{\"@type\":\"Organization\",\"@id\":\"https:\\\/\\\/con-truck.rs\\\/en\\\/#organization\",\"name\":\"CON-TRUCK LOGISTICS\",\"url\":\"https:\\\/\\\/con-truck.rs\\\/en\\\/\",\"logo\":{\"@type\":\"ImageObject\",\"inLanguage\":\"en-US\",\"@id\":\"https:\\\/\\\/con-truck.rs\\\/en\\\/#\\\/schema\\\/logo\\\/image\\\/\",\"url\":\"https:\\\/\\\/con-truck.rs\\\/wp-content\\\/uploads\\\/2024\\\/08\\\/logo-manji-CON-za-sajt.png\",\"contentUrl\":\"https:\\\/\\\/con-truck.rs\\\/wp-content\\\/uploads\\\/2024\\\/08\\\/logo-manji-CON-za-sajt.png\",\"width\":150,\"height\":150,\"caption\":\"CON-TRUCK LOGISTICS\"},\"image\":{\"@id\":\"https:\\\/\\\/con-truck.rs\\\/en\\\/#\\\/schema\\\/logo\\\/image\\\/\"}}]}<\/script>\n<!-- \/ Yoast SEO plugin. -->","yoast_head_json":{"title":"Ti voglio bene 270 - CON-TRUCK LOGISTICS","robots":{"index":"index","follow":"follow","max-snippet":"max-snippet:-1","max-image-preview":"max-image-preview:large","max-video-preview":"max-video-preview:-1"},"canonical":"https:\/\/con-truck.rs\/en\/prodavnica\/alat-i-pribor\/silikonske-modle\/ti-voglio-bene-270\/","og_locale":"en_US","og_type":"article","og_title":"Ti voglio bene 270 - CON-TRUCK LOGISTICS","og_description":"Veli\u010dina baze: 100 x 100 mm h30 mm Veli\u010dina vrha: 45 x 44 mm h24 mm Ukupna zapremina: 270 ml","og_url":"https:\/\/con-truck.rs\/en\/prodavnica\/alat-i-pribor\/silikonske-modle\/ti-voglio-bene-270\/","og_site_name":"CON-TRUCK LOGISTICS","article_modified_time":"2024-09-14T02:50:02+00:00","og_image":[{"width":600,"height":600,"url":"https:\/\/con-truck.rs\/wp-content\/uploads\/2024\/09\/25.987.87.0065-TI-VOGLIO-BENE-270-NUDO-1.jpg","type":"image\/jpeg"}],"twitter_card":"summary_large_image","schema":{"@context":"https:\/\/schema.org","@graph":[{"@type":"WebPage","@id":"https:\/\/con-truck.rs\/en\/prodavnica\/alat-i-pribor\/silikonske-modle\/ti-voglio-bene-270\/","url":"https:\/\/con-truck.rs\/en\/prodavnica\/alat-i-pribor\/silikonske-modle\/ti-voglio-bene-270\/","name":"Ti voglio bene 270 - CON-TRUCK LOGISTICS","isPartOf":{"@id":"https:\/\/con-truck.rs\/en\/#website"},"primaryImageOfPage":{"@id":"https:\/\/con-truck.rs\/en\/prodavnica\/alat-i-pribor\/silikonske-modle\/ti-voglio-bene-270\/#primaryimage"},"image":{"@id":"https:\/\/con-truck.rs\/en\/prodavnica\/alat-i-pribor\/silikonske-modle\/ti-voglio-bene-270\/#primaryimage"},"thumbnailUrl":"https:\/\/con-truck.rs\/wp-content\/uploads\/2024\/09\/25.987.87.0065-TI-VOGLIO-BENE-270-NUDO-1.jpg","datePublished":"2024-09-11T05:00:33+00:00","dateModified":"2024-09-14T02:50:02+00:00","breadcrumb":{"@id":"https:\/\/con-truck.rs\/en\/prodavnica\/alat-i-pribor\/silikonske-modle\/ti-voglio-bene-270\/#breadcrumb"},"inLanguage":"en-US","potentialAction":[{"@type":"ReadAction","target":["https:\/\/con-truck.rs\/en\/prodavnica\/alat-i-pribor\/silikonske-modle\/ti-voglio-bene-270\/"]}]},{"@type":"ImageObject","inLanguage":"en-US","@id":"https:\/\/con-truck.rs\/en\/prodavnica\/alat-i-pribor\/silikonske-modle\/ti-voglio-bene-270\/#primaryimage","url":"https:\/\/con-truck.rs\/wp-content\/uploads\/2024\/09\/25.987.87.0065-TI-VOGLIO-BENE-270-NUDO-1.jpg","contentUrl":"https:\/\/con-truck.rs\/wp-content\/uploads\/2024\/09\/25.987.87.0065-TI-VOGLIO-BENE-270-NUDO-1.jpg","width":600,"height":600,"caption":"Ti voglio bene 270"},{"@type":"BreadcrumbList","@id":"https:\/\/con-truck.rs\/en\/prodavnica\/alat-i-pribor\/silikonske-modle\/ti-voglio-bene-270\/#breadcrumb","itemListElement":[{"@type":"ListItem","position":1,"name":"Po\u010detna","item":"https:\/\/con-truck.rs\/en\/"},{"@type":"ListItem","position":2,"name":"Shop","item":"https:\/\/con-truck.rs\/prodavnica\/"},{"@type":"ListItem","position":3,"name":"Ti voglio bene 270"}]},{"@type":"WebSite","@id":"https:\/\/con-truck.rs\/en\/#website","url":"https:\/\/con-truck.rs\/en\/","name":"CON-TRUCK LOGISTICS","description":"Imamo sve \u0161to vam treba da va\u0161a kuhinja postane remek-delo!","publisher":{"@id":"https:\/\/con-truck.rs\/en\/#organization"},"potentialAction":[{"@type":"SearchAction","target":{"@type":"EntryPoint","urlTemplate":"https:\/\/con-truck.rs\/en\/?s={search_term_string}"},"query-input":{"@type":"PropertyValueSpecification","valueRequired":true,"valueName":"search_term_string"}}],"inLanguage":"en-US"},{"@type":"Organization","@id":"https:\/\/con-truck.rs\/en\/#organization","name":"CON-TRUCK LOGISTICS","url":"https:\/\/con-truck.rs\/en\/","logo":{"@type":"ImageObject","inLanguage":"en-US","@id":"https:\/\/con-truck.rs\/en\/#\/schema\/logo\/image\/","url":"https:\/\/con-truck.rs\/wp-content\/uploads\/2024\/08\/logo-manji-CON-za-sajt.png","contentUrl":"https:\/\/con-truck.rs\/wp-content\/uploads\/2024\/08\/logo-manji-CON-za-sajt.png","width":150,"height":150,"caption":"CON-TRUCK LOGISTICS"},"image":{"@id":"https:\/\/con-truck.rs\/en\/#\/schema\/logo\/image\/"}}]}},"_links":{"self":[{"href":"https:\/\/con-truck.rs\/en\/wp-json\/wp\/v2\/product\/5355","targetHints":{"allow":["GET"]}}],"collection":[{"href":"https:\/\/con-truck.rs\/en\/wp-json\/wp\/v2\/product"}],"about":[{"href":"https:\/\/con-truck.rs\/en\/wp-json\/wp\/v2\/types\/product"}],"wp:featuredmedia":[{"embeddable":true,"href":"https:\/\/con-truck.rs\/en\/wp-json\/wp\/v2\/media\/4828"}],"wp:attachment":[{"href":"https:\/\/con-truck.rs\/en\/wp-json\/wp\/v2\/media?parent=5355"}],"wp:term":[{"taxonomy":"product_brand","embeddable":true,"href":"https:\/\/con-truck.rs\/en\/wp-json\/wp\/v2\/product_brand?post=5355"},{"taxonomy":"product_cat","embeddable":true,"href":"https:\/\/con-truck.rs\/en\/wp-json\/wp\/v2\/product_cat?post=5355"},{"taxonomy":"product_tag","embeddable":true,"href":"https:\/\/con-truck.rs\/en\/wp-json\/wp\/v2\/product_tag?post=5355"}],"curies":[{"name":"wp","href":"https:\/\/api.w.org\/{rel}","templated":true}]}}